{"id":8,"date":"2013-12-19T15:56:06","date_gmt":"2013-12-19T15:56:06","guid":{"rendered":"http:\/\/beliveas.cz\/?page_id=8"},"modified":"2020-06-17T06:33:34","modified_gmt":"2020-06-17T06:33:34","slug":"o-spolecnosti","status":"publish","type":"page","link":"https:\/\/esdas.cz\/","title":{"rendered":"O spole\u010dnosti"},"content":{"rendered":"<p>Spole\u010dnost&nbsp;European Sport Development a.s. byla zaps\u00e1na 12.5.2009 u M\u011bstsk\u00e9ho soudu v Praze, odd\u00edl B, vlo\u017eka 15274.<\/p>\n<p>Kontaktn\u00ed \u00fadaje:<br \/>\nEuropean Sport Development a.s.<br \/>\nRybn\u00e1 680\/10<br \/>\n110 00 Praha 1 &#8211; Star\u00e9 M\u011bsto<br \/>\nI\u010cO: 28895088<br \/>\nDI\u010c: CZ28895088<\/p>\n<p><iframe loading=\"lazy\" src=\"https:\/\/www.google.com\/maps\/embed?pb=!1m18!1m12!1m3!1d2559.8579761348!2d14.424043715557625!3d50.08894587942712!2m3!1f0!2f0!3f0!3m2!1i1024!2i768!4f13.1!3m3!1m2!1s0x470b94ea45b46209%3A0xbd9a3d4fdbe4b237!2zUnlibsOhIDY4MCwgMTEwIDAwIFN0YXLDqSBNxJtzdG8!5e0!3m2!1scs!2scz!4v1592375558843!5m2!1scs!2scz\" width=\"300\" height=\"300\" frameborder=\"0\" style=\"border:0;\" allowfullscreen=\"\" aria-hidden=\"false\" tabindex=\"0\"><\/iframe><br \/>\n<small><a style=\"text-align: left; color: #0000ff;\" href=\"https:\/\/maps.google.cz\/maps?f=q&amp;source=embed&amp;hl=cs&amp;geocode=&amp;q=Dlouh%C3%A1+36%2F714,+Star%C3%A9+M%C4%9Bsto,+Praha-Praha+1&amp;aq=0&amp;oq=Dlouh%C3%A1+36%2F714,+Praha&amp;sll=49.815124,18.261201&amp;sspn=0.007546,0.012681&amp;t=h&amp;brcurrent=5,0,0&amp;ie=UTF8&amp;hq=&amp;hnear=Dlouh%C3%A1+714%2F36,+110+00+Praha-Star%C3%A9+M%C4%9Bsto&amp;ll=50.090411,14.425564&amp;spn=0.01652,0.025749&amp;z=14&amp;iwloc=A\">Zv\u011bt\u0161it mapu<\/a><\/small><\/p>\n<p>p\u0159edseda p\u0159edstavenstva:<br \/>\nJUDr. MARTINA BRYCHCOV\u00c1, dat. nar. 13. listopadu 1963<br \/>\nRoz\u0161\u00ed\u0159en\u00e1 2038\/21, Libe\u0148, 182 00 Praha 8<br \/>\nDen vzniku funkce: 21. \u010dervence 2014<br \/>\nDen vzniku \u010dlenstv\u00ed: 27. \u010dervna 2014<\/p>\n<p>\u010dlen p\u0159edstavenstva:<br \/>\nMgr. JAN POL\u00c1\u010cEK, dat. nar. 31. b\u0159ezna 1981<br \/>\nObr\u00e1nc\u016f m\u00edru 835, 431 11 Jirkov<br \/>\nDen vzniku \u010dlenstv\u00ed: 27. \u010dervna 2014<\/p>\n<p>\u010dlen p\u0159edstavenstva:<br \/>\nMARK\u00c9TA KROUPOV\u00c1, dat. nar. 23. z\u00e1\u0159\u00ed 1980<br \/>\n\u010d.p. 36, 251 66 Hrusice<br \/>\nDen vzniku \u010dlenstv\u00ed: 27. \u010dervna 2014<\/p>\n","protected":false},"excerpt":{"rendered":"<p>Spole\u010dnost&nbsp;European Sport Development a.s. byla zaps\u00e1na 12.5.2009 u M\u011bstsk\u00e9ho soudu v Praze, odd\u00edl B, vlo\u017eka 15274. Kontaktn\u00ed \u00fadaje: European Sport Development a.s. Rybn\u00e1 680\/10 110 00 Praha 1 &#8211; Star\u00e9 M\u011bsto I\u010cO: 28895088 DI\u010c: CZ28895088 Zv\u011bt\u0161it mapu p\u0159edseda p\u0159edstavenstva: JUDr. MARTINA BRYCHCOV\u00c1, dat. nar. 13. listopadu 1963 Roz\u0161\u00ed\u0159en\u00e1 2038\/21, Libe\u0148, 182 00 Praha 8 Den [&hellip;]<\/p>\n","protected":false},"author":1,"featured_media":0,"parent":0,"menu_order":0,"comment_status":"closed","ping_status":"open","template":"","meta":{"footnotes":""},"class_list":["post-8","page","type-page","status-publish","hentry"],"_links":{"self":[{"href":"https:\/\/esdas.cz\/index.php?rest_route=\/wp\/v2\/pages\/8","targetHints":{"allow":["GET"]}}],"collection":[{"href":"https:\/\/esdas.cz\/index.php?rest_route=\/wp\/v2\/pages"}],"about":[{"href":"https:\/\/esdas.cz\/index.php?rest_route=\/wp\/v2\/types\/page"}],"author":[{"embeddable":true,"href":"https:\/\/esdas.cz\/index.php?rest_route=\/wp\/v2\/users\/1"}],"replies":[{"embeddable":true,"href":"https:\/\/esdas.cz\/index.php?rest_route=%2Fwp%2Fv2%2Fcomments&post=8"}],"version-history":[{"count":6,"href":"https:\/\/esdas.cz\/index.php?rest_route=\/wp\/v2\/pages\/8\/revisions"}],"predecessor-version":[{"id":36,"href":"https:\/\/esdas.cz\/index.php?rest_route=\/wp\/v2\/pages\/8\/revisions\/36"}],"wp:attachment":[{"href":"https:\/\/esdas.cz\/index.php?rest_route=%2Fwp%2Fv2%2Fmedia&parent=8"}],"curies":[{"name":"wp","href":"https:\/\/api.w.org\/{rel}","templated":true}]}}